{"id":1504,"date":"2021-04-08T21:14:14","date_gmt":"2021-04-08T21:14:14","guid":{"rendered":"http:\/\/3.74.105.69\/aviso-legal\/"},"modified":"2021-04-08T21:15:46","modified_gmt":"2021-04-08T21:15:46","slug":"aviso-legal","status":"publish","type":"page","link":"http:\/\/ec2-3-74-105-69.eu-central-1.compute.amazonaws.com\/es\/aviso-legal\/","title":{"rendered":"Aviso legal"},"content":{"rendered":"<h2>Aviso Legal<\/h2>\n<p>En cumplimiento de lo dispuesto en el art\u00edculo 10 de la Ley 34\/2002, de 11 de julio, de Servicios de la Sociedad de la Informaci\u00f3n y Comercio Electr\u00f3nico, se pone a disposici\u00f3n de los Usuarios la informaci\u00f3n relativa a este sitio:<\/p>\n<p><strong>Titularidad de la p\u00e1gina web:<\/strong><\/p>\n<ul>\n<li>Dominio:\u00a0<strong>trainerprince.com<br \/>\n<\/strong>\u2022 Denominaci\u00f3n Social: <strong>Prince Lateef Ogunjobi<\/strong><br \/>\n\u2022 Domicilio: <strong>720 Blakely Street 60098-3810 illinois Woodstock<br \/>\n<\/strong>\u2022 Tel\u00e9fono: <strong>+34 638 872 155<br \/>\n<\/strong>\u2022 NIF \/ CIF: <strong>0252-6728-5292<br \/>\n<\/strong>\u2022 Correo electr\u00f3nico: <a href=\"mailto:lkingnova@gmail.com\"><strong>lkingnova@gmail.com<\/strong><\/a><\/li>\n<\/ul>\n<p><strong>REFERENCIAS Y ENLACES A WEBS DE OTRAS ORGANIZACIONES<\/strong><\/p>\n<p>Algunas p\u00e1ginas de esta web contienen referencias o enlaces a webs de otras organizaciones. La presencia de estos enlaces tiene una finalidad informativa, no constituyendo en ning\u00fan caso una invitaci\u00f3n a la contrataci\u00f3n de productos o servicios que se ofrezcan en la p\u00e1gina web de destino. <strong>Prince Lateef Ogunjobi,<\/strong> no se responsabiliza ni de la exactitud ni de la actualizaci\u00f3n de estas webs externas.<\/p>\n<p><strong>ADVERTENCIA SOBRE LA UTILIZACI\u00d3N DE GALLETAS (COOKIES)<\/strong><\/p>\n<p>Una cookie es un peque\u00f1o archivo de datos que algunos sitios web escriben en su unidad de disco cuando se visita. Un archivo cookie puede contener informaci\u00f3n como la identificaci\u00f3n de usuario, que el sitio web utiliza para rastrear las p\u00e1ginas que usted ha visitado. La \u00fanica informaci\u00f3n personal que un cookie puede contener es la informaci\u00f3n que usted mismo le proporciona. Una cookie no puede leer datos de su unidad de disco, ni puede ser ejecutada como un c\u00f3digo ni contener virus. Advertimos que esta p\u00e1gina puede utilizar cookies. El usuario tiene la opci\u00f3n de impedir la generaci\u00f3n de cookies, mediante la selecci\u00f3n de la correspondiente opci\u00f3n en su programa de navegaci\u00f3n.<\/p>\n","protected":false},"excerpt":{"rendered":"<p>Aviso Legal En cumplimiento de lo dispuesto en el art\u00edculo 10 de la Ley 34\/2002, de 11 de julio, de Servicios de la Sociedad de la Informaci\u00f3n y Comercio Electr\u00f3nico, se pone a disposici\u00f3n de los Usuarios la informaci\u00f3n relativa a este sitio: Titularidad de la p\u00e1gina web: Dominio:\u00a0trainerprince.com \u2022 Denominaci\u00f3n Social: Prince Lateef Ogunjobi [&hellip;]<\/p>\n","protected":false},"author":2,"featured_media":0,"parent":0,"menu_order":0,"comment_status":"closed","ping_status":"closed","template":"","meta":[],"_links":{"self":[{"href":"http:\/\/ec2-3-74-105-69.eu-central-1.compute.amazonaws.com\/es\/wp-json\/wp\/v2\/pages\/1504"}],"collection":[{"href":"http:\/\/ec2-3-74-105-69.eu-central-1.compute.amazonaws.com\/es\/wp-json\/wp\/v2\/pages"}],"about":[{"href":"http:\/\/ec2-3-74-105-69.eu-central-1.compute.amazonaws.com\/es\/wp-json\/wp\/v2\/types\/page"}],"author":[{"embeddable":true,"href":"http:\/\/ec2-3-74-105-69.eu-central-1.compute.amazonaws.com\/es\/wp-json\/wp\/v2\/users\/2"}],"replies":[{"embeddable":true,"href":"http:\/\/ec2-3-74-105-69.eu-central-1.compute.amazonaws.com\/es\/wp-json\/wp\/v2\/comments?post=1504"}],"version-history":[{"count":0,"href":"http:\/\/ec2-3-74-105-69.eu-central-1.compute.amazonaws.com\/es\/wp-json\/wp\/v2\/pages\/1504\/revisions"}],"wp:attachment":[{"href":"http:\/\/ec2-3-74-105-69.eu-central-1.compute.amazonaws.com\/es\/wp-json\/wp\/v2\/media?parent=1504"}],"curies":[{"name":"wp","href":"https:\/\/api.w.org\/{rel}","templated":true}]}}